{"id":3,"date":"2022-01-26T15:42:56","date_gmt":"2022-01-26T15:42:56","guid":{"rendered":"https:\/\/zeissbiroji.lv\/?page_id=3"},"modified":"2022-02-22T12:19:48","modified_gmt":"2022-02-22T10:19:48","slug":"privacy-policy","status":"publish","type":"page","link":"https:\/\/zeissbiroji.lv\/en\/privacy-policy\/","title":{"rendered":"Privacy Policy"},"content":{"rendered":"<div data-elementor-type=\"wp-page\" data-elementor-id=\"3\" class=\"elementor elementor-3\" data-elementor-settings=\"[]\">\n\t\t\t\t\t\t\t<div class=\"elementor-section-wrap\">\n\t\t\t\t\t\t\t<section class=\"elementor-section elementor-top-section elementor-element elementor-element-0fb9f2a elementor-section-boxed elementor-section-height-default elementor-section-height-default\" data-id=\"0fb9f2a\" data-element_type=\"section\">\n\t\t\t\t\t\t<div class=\"elementor-container elementor-column-gap-default\">\n\t\t\t\t\t<div class=\"elementor-column elementor-col-100 elementor-top-column elementor-element elementor-element-c33c3e3\" data-id=\"c33c3e3\" data-element_type=\"column\">\n\t\t\t<div class=\"elementor-widget-wrap elementor-element-populated\">\n\t\t\t\t\t\t\t\t<div class=\"elementor-element elementor-element-1367c7b elementor-widget elementor-widget-text-editor\" data-id=\"1367c7b\" data-element_type=\"widget\" data-widget_type=\"text-editor.default\">\n\t\t\t\t<div class=\"elementor-widget-container\">\n\t\t\t<style>\/*! elementor - v3.5.5 - 03-02-2022 *\/\n.elementor-widget-text-editor.elementor-drop-cap-view-stacked .elementor-drop-cap{background-color:#818a91;color:#fff}.elementor-widget-text-editor.elementor-drop-cap-view-framed .elementor-drop-cap{color:#818a91;border:3px solid;background-color:transparent}.elementor-widget-text-editor:not(.elementor-drop-cap-view-default) .elementor-drop-cap{margin-top:8px}.elementor-widget-text-editor:not(.elementor-drop-cap-view-default) .elementor-drop-cap-letter{width:1em;height:1em}.elementor-widget-text-editor .elementor-drop-cap{float:left;text-align:center;line-height:1;font-size:50px}.elementor-widget-text-editor .elementor-drop-cap-letter{display:inline-block}<\/style>        <div class=\"elementor-text-editor elementor-clearfix\"><p><!-- wp:heading --><\/p>\n<p><strong>Privacy Policy<\/strong><\/p>\n<p>Zeissbiroji.lv website is operated by SIA M\u016bkusalas Biznesa Centrs, reg. No. 40003556570,  legal address: M\u016bkusalas iela 42A, Riga, LV-1004 (hereinafter referred to as \u2013\n\u2013 M\u016bkusalas Biznesa Centrs).<\/p>\n<p>This page is used to inform website visitors regarding M\u016bkusalas Biznesa Centrs policies with the collection, use, and disclosure of Personal Information if anyone decided to use M\u016bkusalas Biznesa Centrs Service, the zeissbiroji.lv website (hereinafter referred to as \u2013 Service).<\/p>\n<p>If you choose to use Service, then you agree to the collection and use of information in relation with this policy. The Personal Information that M\u016bkusalas Biznesa Centrs collects are used for providing and improving the Service. M\u016bkusalas Biznesa Centrs will not use or share your information with anyone except as described in this Privacy Policy.<\/p>\n<p><strong>Information Collection and Use<\/strong><\/p>\n<p>For a better experience while using Service, M\u016bkusalas Biznesa Centrs may require you to provide certain personally identifiable information, including but not limited to your name, phone number, and postal address. The information that M\u016bkusalas Biznesa Centrs collects will be used to contact or identify you.<\/p>\n<p><strong>Log Data<\/strong><\/p>\n<p>Whenever you visit our Service, M\u016bkusalas Biznesa Centrs collects information that your browser provides that is called Log Data. This Log Data may include information such as your computer's Internet Protocol (\u201cIP\u201d) address, browser version, pages of our Service that you visit, the time and date of your visit, the time spent on those pages, and other statistics.<\/p>\n<p><strong>Cookies<\/strong><\/p>\n<p>Cookies are files with small amount of data that is commonly used an anonymous unique identifier. These are sent to your browser from the website that you visit and are stored on your computer's hard drive.<\/p>\n<p>M\u016bkusalas Biznesa Centrs website zeissbiroji.lv uses these \u201ccookies\u201d to collection information and to improve Service. You have the option to either accept or refuse these cookies, and know when a cookie is being sent to your computer. If you choose to refuse cookies, you may not be able to use some portions of Service.<\/p>\n<p><strong>Service Providers<\/strong><\/p>\n<p>We may employ third-party companies and individuals due to the following reasons:<\/p>\n<ul>\n<li>To facilitate Service;<\/li>\n<li>To provide the Service on M\u016bkusalas Biznesa Centrs behalf;<\/li>\n<li>To perform Service-related services; or<\/li>\n<li>To assist M\u016bkusalas Biznesa Centrs in analyzing how Service is used.<\/li>\n<\/ul>\n<p>These third parties have access to your Personal Information. The reason is to perform the tasks assigned to them on M\u016bkusalas Biznesa Centrs behalf. However, they are obligated not to disclose or use the information for any other purpose.<\/p>\n<p><strong>Security<\/strong><\/p>\n<p>M\u016bkusalas Biznesa Centrs values your trust in providing your Personal Information, thus we are striving to use commercially acceptable means of protecting it. But remember that no method of transmission over the internet, or method of electronic storage is 100% secure and reliable, and M\u016bkusalas Biznesa Centrs cannot guarantee its absolute security.<\/p>\n<p><strong>Links to Other Sites<\/strong><\/p>\n<p>Service may contain links to other sites. If you click on a third-party link, you will be directed to that site. Note that these external sites are not operated by M\u016bkusalas Biznesa Centrs. Therefore, we strongly advise you to review the Privacy Policy of these websites. M\u016bkusalas Biznesa Centrs has no control over, and assume no responsibility for the content, privacy policies, or practices of any third-party sites or services.<\/p>\n<p><strong>Changes to This Privacy Policy<\/strong><\/p>\n<p>M\u016bkusalas Biznesa Centrs may update this Privacy Policy from time to time. Thus, we advise you to review this page periodically for any changes. We will notify you of any changes by posting the new Privacy Policy on this page. These changes are effective immediately, after they are posted on this page.<\/p>\n<p><strong>Contact Us<\/strong><\/p>\n<p>If you have any questions or suggestions about our Privacy Policy, do not hesitate to contact us by writing to the e-mail: info@mbcentrs.lv.<\/p>\n<p>\u00a0<\/p>\n<p>Date of development of the document: 21 February 2022.<br \/>Date of publication on the internet: 21 February 2022.<\/p>\n<p>\u00a0<\/p>\n<p><!-- \/wp:paragraph --><\/p><\/div>\n        \t\t<\/div>\n\t\t\t\t<\/div>\n\t\t\t\t\t<\/div>\n\t\t<\/div>\n\t\t\t\t\t\t\t<\/div>\n\t\t<\/section>\n\t\t\t\t\t\t<\/div>\n\t\t\t\t\t<\/div>","protected":false},"excerpt":{"rendered":"<p>Priv\u0101tuma politika M\u0101jaslapu zeissbiroji.lv p\u0101rvalda uz\u0146\u0113mums SIA M\u016bkusalas Biznesa Centrs, re\u0123. Nr. 40003556570, juridisk\u0101 adrese: M\u016bkusalas iela 42A, R\u012bga, LV-1004 LV1046 (turpm\u0101k tekst\u0101 \u2013 M\u016bkusalas Biznesa Centrs). \u0160\u012b lapa tiek izmantota, lai inform\u0113tu vietnes apmekl\u0113t\u0101jus par M\u016bkusalas Biznesa Centra politiku attiec\u012bb\u0101 uz person\u012bg\u0101s inform\u0101cijas v\u0101k\u0161anu, izmanto\u0161anu un t\u0101l\u0101ku izpau\u0161anu, ja apmekl\u0113t\u0101js ir nol\u0113mis izmantot Pakalpojumu &hellip; <\/p>\n<p class=\"link-more\"><a href=\"https:\/\/zeissbiroji.lv\/en\/privacy-policy\/\" class=\"more-link\">Read More <span class=\"screen-reader-text\"> &#8220;Priv\u0101tuma politika&#8221;<\/span><\/a><\/p>","protected":false},"author":1,"featured_media":0,"parent":0,"menu_order":0,"comment_status":"closed","ping_status":"closed","template":"","meta":{"inline_featured_image":false},"_links":{"self":[{"href":"https:\/\/zeissbiroji.lv\/en\/wp-json\/wp\/v2\/pages\/3"}],"collection":[{"href":"https:\/\/zeissbiroji.lv\/en\/wp-json\/wp\/v2\/pages"}],"about":[{"href":"https:\/\/zeissbiroji.lv\/en\/wp-json\/wp\/v2\/types\/page"}],"author":[{"embeddable":true,"href":"https:\/\/zeissbiroji.lv\/en\/wp-json\/wp\/v2\/users\/1"}],"replies":[{"embeddable":true,"href":"https:\/\/zeissbiroji.lv\/en\/wp-json\/wp\/v2\/comments?post=3"}],"version-history":[{"count":7,"href":"https:\/\/zeissbiroji.lv\/en\/wp-json\/wp\/v2\/pages\/3\/revisions"}],"predecessor-version":[{"id":3380,"href":"https:\/\/zeissbiroji.lv\/en\/wp-json\/wp\/v2\/pages\/3\/revisions\/3380"}],"wp:attachment":[{"href":"https:\/\/zeissbiroji.lv\/en\/wp-json\/wp\/v2\/media?parent=3"}],"curies":[{"name":"wp","href":"https:\/\/api.w.org\/{rel}","templated":true}]}}