{"id":2669,"date":"2022-01-29T13:53:34","date_gmt":"2022-01-29T11:53:34","guid":{"rendered":"https:\/\/zeissbiroji.lv\/?page_id=2669"},"modified":"2024-06-13T11:23:23","modified_gmt":"2024-06-13T09:23:23","slug":"kapec-izveleties-mus","status":"publish","type":"page","link":"https:\/\/zeissbiroji.lv\/en\/kapec-izveleties-mus\/","title":{"rendered":"Why choose us?"},"content":{"rendered":"<div data-elementor-type=\"wp-page\" data-elementor-id=\"2669\" class=\"elementor elementor-2669\" data-elementor-settings=\"[]\">\n\t\t\t\t\t\t\t<div class=\"elementor-section-wrap\">\n\t\t\t\t\t\t\t<section class=\"elementor-section elementor-top-section elementor-element elementor-element-9acdefa elementor-section-stretched elementor-section-boxed elementor-section-height-default elementor-section-height-default elementor-invisible\" data-id=\"9acdefa\" data-element_type=\"section\" data-settings=\"{&quot;stretch_section&quot;:&quot;section-stretched&quot;,&quot;animation&quot;:&quot;opal-move-up&quot;}\">\n\t\t\t\t\t\t<div class=\"elementor-container elementor-column-gap-no\">\n\t\t\t\t\t<div class=\"elementor-column elementor-col-100 elementor-top-column elementor-element elementor-element-9e762ad\" data-id=\"9e762ad\" data-element_type=\"column\">\n\t\t\t<div class=\"elementor-widget-wrap elementor-element-populated\">\n\t\t\t\t\t\t\t\t<div class=\"elementor-element elementor-element-b94001d elementor-widget elementor-widget-text-editor\" data-id=\"b94001d\" data-element_type=\"widget\" data-widget_type=\"text-editor.default\">\n\t\t\t\t<div class=\"elementor-widget-container\">\n\t\t\t<style>\/*! elementor - v3.5.5 - 03-02-2022 *\/\n.elementor-widget-text-editor.elementor-drop-cap-view-stacked .elementor-drop-cap{background-color:#818a91;color:#fff}.elementor-widget-text-editor.elementor-drop-cap-view-framed .elementor-drop-cap{color:#818a91;border:3px solid;background-color:transparent}.elementor-widget-text-editor:not(.elementor-drop-cap-view-default) .elementor-drop-cap{margin-top:8px}.elementor-widget-text-editor:not(.elementor-drop-cap-view-default) .elementor-drop-cap-letter{width:1em;height:1em}.elementor-widget-text-editor .elementor-drop-cap{float:left;text-align:center;line-height:1;font-size:50px}.elementor-widget-text-editor .elementor-drop-cap-letter{display:inline-block}<\/style>        <div class=\"elementor-text-editor elementor-clearfix\"><p>Our mission is to create an environment where it is pleasant to spend not only working hours, but also your free time. We create a place where the community matters - by working alongside our industry leaders, we can turn to each other for help at any time, like a neighbor to a neighbor.<\/p><\/div>\n        \t\t<\/div>\n\t\t\t\t<\/div>\n\t\t\t\t\t<\/div>\n\t\t<\/div>\n\t\t\t\t\t\t\t<\/div>\n\t\t<\/section>\n\t\t\t\t<section class=\"elementor-section elementor-top-section elementor-element elementor-element-2965059 elementor-section-stretched elementor-section-content-middle elementor-section-boxed elementor-section-height-default elementor-section-height-default\" data-id=\"2965059\" data-element_type=\"section\" data-settings=\"{&quot;stretch_section&quot;:&quot;section-stretched&quot;}\">\n\t\t\t\t\t\t<div class=\"elementor-container elementor-column-gap-no\">\n\t\t\t\t\t<div class=\"elementor-column elementor-col-50 elementor-top-column elementor-element elementor-element-3fb9bb3 animated-fast elementor-invisible\" data-id=\"3fb9bb3\" data-element_type=\"column\" data-settings=\"{&quot;animation&quot;:&quot;opal-move-up&quot;,&quot;animation_delay&quot;:150}\">\n\t\t\t<div class=\"elementor-widget-wrap elementor-element-populated\">\n\t\t\t\t\t\t\t\t<div class=\"elementor-element elementor-element-54ec5e0 elementor-widget elementor-widget-image\" data-id=\"54ec5e0\" data-element_type=\"widget\" data-widget_type=\"image.default\">\n\t\t\t\t<div class=\"elementor-widget-container\">\n\t\t\t<style>\/*! elementor - v3.5.5 - 03-02-2022 *\/\n.elementor-widget-image{text-align:center}.elementor-widget-image a{display:inline-block}.elementor-widget-image a img[src$=\".svg\"]{width:48px}.elementor-widget-image img{vertical-align:middle;display:inline-block}<\/style>\t\t\t\t\t\t\t\t\t\t\t\t<img width=\"700\" height=\"524\" src=\"https:\/\/zeissbiroji.lv\/wp-content\/uploads\/2023\/09\/DJI_20230816193649_0115_D-Edit-copy-700x524.jpg\" class=\"attachment-rehomes-gallery-image size-rehomes-gallery-image\" alt=\"\" loading=\"lazy\" srcset=\"https:\/\/zeissbiroji.lv\/wp-content\/uploads\/2023\/09\/DJI_20230816193649_0115_D-Edit-copy-700x524.jpg 700w, https:\/\/zeissbiroji.lv\/wp-content\/uploads\/2023\/09\/DJI_20230816193649_0115_D-Edit-copy-300x225.jpg 300w, https:\/\/zeissbiroji.lv\/wp-content\/uploads\/2023\/09\/DJI_20230816193649_0115_D-Edit-copy-1024x767.jpg 1024w, https:\/\/zeissbiroji.lv\/wp-content\/uploads\/2023\/09\/DJI_20230816193649_0115_D-Edit-copy-768x575.jpg 768w, https:\/\/zeissbiroji.lv\/wp-content\/uploads\/2023\/09\/DJI_20230816193649_0115_D-Edit-copy-1536x1150.jpg 1536w, https:\/\/zeissbiroji.lv\/wp-content\/uploads\/2023\/09\/DJI_20230816193649_0115_D-Edit-copy-16x12.jpg 16w, https:\/\/zeissbiroji.lv\/wp-content\/uploads\/2023\/09\/DJI_20230816193649_0115_D-Edit-copy.jpg 2000w\" sizes=\"(max-width: 700px) 100vw, 700px\" \/>\t\t\t\t\t\t\t\t\t\t\t\t\t\t\t<\/div>\n\t\t\t\t<\/div>\n\t\t\t\t\t<\/div>\n\t\t<\/div>\n\t\t\t\t<div class=\"elementor-column elementor-col-50 elementor-top-column elementor-element elementor-element-af6b5ef animated-fast elementor-invisible\" data-id=\"af6b5ef\" data-element_type=\"column\" data-settings=\"{&quot;animation&quot;:&quot;opal-move-up&quot;,&quot;animation_delay&quot;:300}\">\n\t\t\t<div class=\"elementor-widget-wrap elementor-element-populated\">\n\t\t\t\t\t\t\t\t<div class=\"elementor-element elementor-element-abbf78c elementor-widget elementor-widget-heading\" data-id=\"abbf78c\" data-element_type=\"widget\" data-widget_type=\"heading.default\">\n\t\t\t\t<div class=\"elementor-widget-container\">\n\t\t\t<style>\/*! elementor - v3.5.5 - 03-02-2022 *\/\n.elementor-heading-title{padding:0;margin:0;line-height:1}.elementor-widget-heading .elementor-heading-title[class*=elementor-size-]>a{color:inherit;font-size:inherit;line-height:inherit}.elementor-widget-heading .elementor-heading-title.elementor-size-small{font-size:15px}.elementor-widget-heading .elementor-heading-title.elementor-size-medium{font-size:19px}.elementor-widget-heading .elementor-heading-title.elementor-size-large{font-size:29px}.elementor-widget-heading .elementor-heading-title.elementor-size-xl{font-size:39px}.elementor-widget-heading .elementor-heading-title.elementor-size-xxl{font-size:59px}<\/style><div class=\"elementor-heading-wrapper\" ><div class=\"elementor-heading-wrapper-inner\"><h4 class=\"elementor-heading-title elementor-size-default\">Location<\/h4><\/div><\/div>\t\t<\/div>\n\t\t\t\t<\/div>\n\t\t\t\t<div class=\"elementor-element elementor-element-4b47a8e elementor-widget elementor-widget-text-editor\" data-id=\"4b47a8e\" data-element_type=\"widget\" data-widget_type=\"text-editor.default\">\n\t\t\t\t<div class=\"elementor-widget-container\">\n\t\t\t        <div class=\"elementor-text-editor elementor-clearfix\"><ul><li>City centre just minutes away!<\/li><li>Bus station, port, airport, railway station - all within a maximum of 15 minutes\u2019 drive<\/li><li>Part of the Knowledge Mile of Riga<\/li><li>Public transport routes just minutes away!<\/li><li>Picturesque view of Daugava and its promenade<\/li><\/ul><\/div>\n        \t\t<\/div>\n\t\t\t\t<\/div>\n\t\t\t\t\t<\/div>\n\t\t<\/div>\n\t\t\t\t\t\t\t<\/div>\n\t\t<\/section>\n\t\t\t\t<section class=\"elementor-section elementor-top-section elementor-element elementor-element-75a1d82 elementor-section-stretched elementor-section-content-middle elementor-reverse-mobile elementor-section-boxed elementor-section-height-default elementor-section-height-default\" data-id=\"75a1d82\" data-element_type=\"section\" data-settings=\"{&quot;stretch_section&quot;:&quot;section-stretched&quot;}\">\n\t\t\t\t\t\t<div class=\"elementor-container elementor-column-gap-no\">\n\t\t\t\t\t<div class=\"elementor-column elementor-col-50 elementor-top-column elementor-element elementor-element-e6d59e0 animated-fast elementor-invisible\" data-id=\"e6d59e0\" data-element_type=\"column\" data-settings=\"{&quot;animation&quot;:&quot;opal-move-up&quot;,&quot;animation_delay&quot;:300}\">\n\t\t\t<div class=\"elementor-widget-wrap elementor-element-populated\">\n\t\t\t\t\t\t\t\t<div class=\"elementor-element elementor-element-c8698f1 elementor-widget elementor-widget-heading\" data-id=\"c8698f1\" data-element_type=\"widget\" data-widget_type=\"heading.default\">\n\t\t\t\t<div class=\"elementor-widget-container\">\n\t\t\t<div class=\"elementor-heading-wrapper\" ><div class=\"elementor-heading-wrapper-inner\"><h4 class=\"elementor-heading-title elementor-size-default\">Modern technologies, class A sustainability<\/h4><\/div><\/div>\t\t<\/div>\n\t\t\t\t<\/div>\n\t\t\t\t<div class=\"elementor-element elementor-element-07c58ee elementor-widget elementor-widget-text-editor\" data-id=\"07c58ee\" data-element_type=\"widget\" data-widget_type=\"text-editor.default\">\n\t\t\t\t<div class=\"elementor-widget-container\">\n\t\t\t        <div class=\"elementor-text-editor elementor-clearfix\"><ul><li>Anti-reflective external coating<\/li><li>Stormwater absorptive roofing material<\/li><li>Internal blinds on the southern fa\u00e7ade<\/li><li>Individually adjustable underfloor ventilation and cooling system<\/li><li>CO2-controlled ventilation system in the meeting rooms<\/li><li>Soundproof glass partitions<\/li><li>Water taps with the consumption of less than 3l per minute<\/li><li>Spacious, energy-efficient lifts operated by regenerative drive<\/li><\/ul><\/div>\n        \t\t<\/div>\n\t\t\t\t<\/div>\n\t\t\t\t\t<\/div>\n\t\t<\/div>\n\t\t\t\t<div class=\"elementor-column elementor-col-50 elementor-top-column elementor-element elementor-element-b5ffa3c animated-fast elementor-invisible\" data-id=\"b5ffa3c\" data-element_type=\"column\" data-settings=\"{&quot;animation&quot;:&quot;opal-move-up&quot;,&quot;animation_delay&quot;:150}\">\n\t\t\t<div class=\"elementor-widget-wrap elementor-element-populated\">\n\t\t\t\t\t\t\t\t<div class=\"elementor-element elementor-element-a269db4 elementor-widget elementor-widget-image\" data-id=\"a269db4\" data-element_type=\"widget\" data-widget_type=\"image.default\">\n\t\t\t\t<div class=\"elementor-widget-container\">\n\t\t\t\t\t\t\t\t\t\t\t\t\t\t\t<img width=\"700\" height=\"504\" src=\"https:\/\/zeissbiroji.lv\/wp-content\/uploads\/2023\/09\/DJI_20230816202950_0209_D-Edit-copy-700x504.jpg\" class=\"attachment-rehomes-gallery-image size-rehomes-gallery-image\" alt=\"\" loading=\"lazy\" srcset=\"https:\/\/zeissbiroji.lv\/wp-content\/uploads\/2023\/09\/DJI_20230816202950_0209_D-Edit-copy-700x504.jpg 700w, https:\/\/zeissbiroji.lv\/wp-content\/uploads\/2023\/09\/DJI_20230816202950_0209_D-Edit-copy-300x216.jpg 300w, https:\/\/zeissbiroji.lv\/wp-content\/uploads\/2023\/09\/DJI_20230816202950_0209_D-Edit-copy-1024x737.jpg 1024w, https:\/\/zeissbiroji.lv\/wp-content\/uploads\/2023\/09\/DJI_20230816202950_0209_D-Edit-copy-768x553.jpg 768w, https:\/\/zeissbiroji.lv\/wp-content\/uploads\/2023\/09\/DJI_20230816202950_0209_D-Edit-copy-1536x1106.jpg 1536w, https:\/\/zeissbiroji.lv\/wp-content\/uploads\/2023\/09\/DJI_20230816202950_0209_D-Edit-copy-18x12.jpg 18w, https:\/\/zeissbiroji.lv\/wp-content\/uploads\/2023\/09\/DJI_20230816202950_0209_D-Edit-copy.jpg 2000w\" sizes=\"(max-width: 700px) 100vw, 700px\" \/>\t\t\t\t\t\t\t\t\t\t\t\t\t\t\t<\/div>\n\t\t\t\t<\/div>\n\t\t\t\t\t<\/div>\n\t\t<\/div>\n\t\t\t\t\t\t\t<\/div>\n\t\t<\/section>\n\t\t\t\t<section class=\"elementor-section elementor-top-section elementor-element elementor-element-c6635b2 elementor-section-stretched elementor-section-content-middle elementor-section-boxed elementor-section-height-default elementor-section-height-default\" data-id=\"c6635b2\" data-element_type=\"section\" data-settings=\"{&quot;stretch_section&quot;:&quot;section-stretched&quot;}\">\n\t\t\t\t\t\t<div class=\"elementor-container elementor-column-gap-no\">\n\t\t\t\t\t<div class=\"elementor-column elementor-col-50 elementor-top-column elementor-element elementor-element-e787a8e animated-fast elementor-invisible\" data-id=\"e787a8e\" data-element_type=\"column\" data-settings=\"{&quot;animation&quot;:&quot;opal-move-up&quot;,&quot;animation_delay&quot;:150}\">\n\t\t\t<div class=\"elementor-widget-wrap elementor-element-populated\">\n\t\t\t\t\t\t\t\t<div class=\"elementor-element elementor-element-18f4407 elementor-widget elementor-widget-image\" data-id=\"18f4407\" data-element_type=\"widget\" data-widget_type=\"image.default\">\n\t\t\t\t<div class=\"elementor-widget-container\">\n\t\t\t\t\t\t\t\t\t\t\t\t\t\t\t<img width=\"700\" height=\"499\" src=\"https:\/\/zeissbiroji.lv\/wp-content\/uploads\/2024\/06\/estetphoto.eu_AleksKend_-6795-700x499.jpg\" class=\"attachment-rehomes-gallery-image size-rehomes-gallery-image\" alt=\"\" loading=\"lazy\" srcset=\"https:\/\/zeissbiroji.lv\/wp-content\/uploads\/2024\/06\/estetphoto.eu_AleksKend_-6795-700x499.jpg 700w, https:\/\/zeissbiroji.lv\/wp-content\/uploads\/2024\/06\/estetphoto.eu_AleksKend_-6795-300x214.jpg 300w, https:\/\/zeissbiroji.lv\/wp-content\/uploads\/2024\/06\/estetphoto.eu_AleksKend_-6795-1024x729.jpg 1024w, https:\/\/zeissbiroji.lv\/wp-content\/uploads\/2024\/06\/estetphoto.eu_AleksKend_-6795-768x547.jpg 768w, https:\/\/zeissbiroji.lv\/wp-content\/uploads\/2024\/06\/estetphoto.eu_AleksKend_-6795-1536x1094.jpg 1536w, https:\/\/zeissbiroji.lv\/wp-content\/uploads\/2024\/06\/estetphoto.eu_AleksKend_-6795-2048x1459.jpg 2048w, https:\/\/zeissbiroji.lv\/wp-content\/uploads\/2024\/06\/estetphoto.eu_AleksKend_-6795-18x12.jpg 18w\" sizes=\"(max-width: 700px) 100vw, 700px\" \/>\t\t\t\t\t\t\t\t\t\t\t\t\t\t\t<\/div>\n\t\t\t\t<\/div>\n\t\t\t\t\t<\/div>\n\t\t<\/div>\n\t\t\t\t<div class=\"elementor-column elementor-col-50 elementor-top-column elementor-element elementor-element-40107f7 animated-fast elementor-invisible\" data-id=\"40107f7\" data-element_type=\"column\" data-settings=\"{&quot;animation&quot;:&quot;opal-move-up&quot;,&quot;animation_delay&quot;:300}\">\n\t\t\t<div class=\"elementor-widget-wrap elementor-element-populated\">\n\t\t\t\t\t\t\t\t<div class=\"elementor-element elementor-element-2850a5b elementor-widget elementor-widget-heading\" data-id=\"2850a5b\" data-element_type=\"widget\" data-widget_type=\"heading.default\">\n\t\t\t\t<div class=\"elementor-widget-container\">\n\t\t\t<div class=\"elementor-heading-wrapper\" ><div class=\"elementor-heading-wrapper-inner\"><h4 class=\"elementor-heading-title elementor-size-default\">An iconic building rooted in history<\/h4><\/div><\/div>\t\t<\/div>\n\t\t\t\t<\/div>\n\t\t\t\t<div class=\"elementor-element elementor-element-feb08b1 elementor-widget elementor-widget-text-editor\" data-id=\"feb08b1\" data-element_type=\"widget\" data-widget_type=\"text-editor.default\">\n\t\t\t\t<div class=\"elementor-widget-container\">\n\t\t\t        <div class=\"elementor-text-editor elementor-clearfix\"><ul><li>BREAM certificate \u201cEXCELLENT\u201d - low energy consumption, high-quality and environmentally friendly materials<\/li><li>Architectural solutions that combine history and modern technology developed by award-winning architects<\/li><li>The legacy of the famous Carl Zeiss optics factory as a source of inspiration<\/li><li>Central atrium with the height of 2 storeys<\/li><li>Conference facilities for 80 people<\/li><li>Spacious roof terrace overlooking the Daugava River<\/li><li>Industry leaders as neighbours - Tele2, Delfi, Bolt Services, Unified Post, Helmes Latvia, etc.<\/li><\/ul><\/div>\n        \t\t<\/div>\n\t\t\t\t<\/div>\n\t\t\t\t\t<\/div>\n\t\t<\/div>\n\t\t\t\t\t\t\t<\/div>\n\t\t<\/section>\n\t\t\t\t<section class=\"elementor-section elementor-top-section elementor-element elementor-element-66cc009 elementor-section-stretched elementor-section-content-middle elementor-section-boxed elementor-section-height-default elementor-section-height-default\" data-id=\"66cc009\" data-element_type=\"section\" data-settings=\"{&quot;stretch_section&quot;:&quot;section-stretched&quot;}\">\n\t\t\t\t\t\t<div class=\"elementor-container elementor-column-gap-no\">\n\t\t\t\t\t<div class=\"elementor-column elementor-col-50 elementor-top-column elementor-element elementor-element-0690831 animated-fast elementor-invisible\" data-id=\"0690831\" data-element_type=\"column\" data-settings=\"{&quot;animation&quot;:&quot;opal-move-up&quot;,&quot;animation_delay&quot;:300}\">\n\t\t\t<div class=\"elementor-widget-wrap elementor-element-populated\">\n\t\t\t\t\t\t\t\t<div class=\"elementor-element elementor-element-a9321a5 elementor-widget elementor-widget-heading\" data-id=\"a9321a5\" data-element_type=\"widget\" data-widget_type=\"heading.default\">\n\t\t\t\t<div class=\"elementor-widget-container\">\n\t\t\t<div class=\"elementor-heading-wrapper\" ><div class=\"elementor-heading-wrapper-inner\"><h4 class=\"elementor-heading-title elementor-size-default\">Infrastructure <\/h4><\/div><\/div>\t\t<\/div>\n\t\t\t\t<\/div>\n\t\t\t\t<div class=\"elementor-element elementor-element-596b0c3 elementor-widget elementor-widget-text-editor\" data-id=\"596b0c3\" data-element_type=\"widget\" data-widget_type=\"text-editor.default\">\n\t\t\t\t<div class=\"elementor-widget-container\">\n\t\t\t        <div class=\"elementor-text-editor elementor-clearfix\"><p>Everything you could need for a dynamic life is located right next to the ZEISS OFFICES, and the range of available services is constantly being expanded.<\/p><ul><li>Cafes and lunch restaurants<\/li><li>Modern sports club<\/li><li>Grocery store and pharmacy<\/li><li>Ample multi-storey car park<\/li><li>Electric car charging stations<\/li><li>Availability of carsharing and electric scooters<\/li><\/ul><\/div>\n        \t\t<\/div>\n\t\t\t\t<\/div>\n\t\t\t\t\t<\/div>\n\t\t<\/div>\n\t\t\t\t<div class=\"elementor-column elementor-col-50 elementor-top-column elementor-element elementor-element-50f1b9e animated-fast elementor-invisible\" data-id=\"50f1b9e\" data-element_type=\"column\" data-settings=\"{&quot;animation&quot;:&quot;opal-move-up&quot;,&quot;animation_delay&quot;:150}\">\n\t\t\t<div class=\"elementor-widget-wrap elementor-element-populated\">\n\t\t\t\t\t\t\t\t<div class=\"elementor-element elementor-element-a65182a elementor-widget elementor-widget-image\" data-id=\"a65182a\" data-element_type=\"widget\" data-widget_type=\"image.default\">\n\t\t\t\t<div class=\"elementor-widget-container\">\n\t\t\t\t\t\t\t\t\t\t\t\t\t\t\t<img width=\"850\" height=\"480\" src=\"https:\/\/zeissbiroji.lv\/wp-content\/uploads\/2024\/06\/estetphoto.eu_AleksKend_-7-850x480.jpg\" class=\"attachment-rehomes-featured-image-large size-rehomes-featured-image-large\" alt=\"\" loading=\"lazy\" \/>\t\t\t\t\t\t\t\t\t\t\t\t\t\t\t<\/div>\n\t\t\t\t<\/div>\n\t\t\t\t\t<\/div>\n\t\t<\/div>\n\t\t\t\t\t\t\t<\/div>\n\t\t<\/section>\n\t\t\t\t<section class=\"elementor-section elementor-top-section elementor-element elementor-element-8cf1b6d elementor-section-stretched elementor-section-content-middle elementor-section-boxed elementor-section-height-default elementor-section-height-default\" data-id=\"8cf1b6d\" data-element_type=\"section\" data-settings=\"{&quot;stretch_section&quot;:&quot;section-stretched&quot;}\">\n\t\t\t\t\t\t<div class=\"elementor-container elementor-column-gap-no\">\n\t\t\t\t\t<div class=\"elementor-column elementor-col-50 elementor-top-column elementor-element elementor-element-09b2545 animated-fast elementor-invisible\" data-id=\"09b2545\" data-element_type=\"column\" data-settings=\"{&quot;animation&quot;:&quot;opal-move-up&quot;,&quot;animation_delay&quot;:150}\">\n\t\t\t<div class=\"elementor-widget-wrap elementor-element-populated\">\n\t\t\t\t\t\t\t\t<div class=\"elementor-element elementor-element-7dced1f elementor-widget elementor-widget-image\" data-id=\"7dced1f\" data-element_type=\"widget\" data-widget_type=\"image.default\">\n\t\t\t\t<div class=\"elementor-widget-container\">\n\t\t\t\t\t\t\t\t\t\t\t\t\t\t\t<img width=\"700\" height=\"870\" src=\"https:\/\/zeissbiroji.lv\/wp-content\/uploads\/2024\/06\/estetphoto.eu_AleksKend_-6695-700x870.jpg\" class=\"attachment-rehomes-gallery-image size-rehomes-gallery-image\" alt=\"\" loading=\"lazy\" srcset=\"https:\/\/zeissbiroji.lv\/wp-content\/uploads\/2024\/06\/estetphoto.eu_AleksKend_-6695-700x870.jpg 700w, https:\/\/zeissbiroji.lv\/wp-content\/uploads\/2024\/06\/estetphoto.eu_AleksKend_-6695-241x300.jpg 241w, https:\/\/zeissbiroji.lv\/wp-content\/uploads\/2024\/06\/estetphoto.eu_AleksKend_-6695-824x1024.jpg 824w, https:\/\/zeissbiroji.lv\/wp-content\/uploads\/2024\/06\/estetphoto.eu_AleksKend_-6695-768x955.jpg 768w, https:\/\/zeissbiroji.lv\/wp-content\/uploads\/2024\/06\/estetphoto.eu_AleksKend_-6695-1236x1536.jpg 1236w, https:\/\/zeissbiroji.lv\/wp-content\/uploads\/2024\/06\/estetphoto.eu_AleksKend_-6695-1648x2048.jpg 1648w, https:\/\/zeissbiroji.lv\/wp-content\/uploads\/2024\/06\/estetphoto.eu_AleksKend_-6695-10x12.jpg 10w\" sizes=\"(max-width: 700px) 100vw, 700px\" \/>\t\t\t\t\t\t\t\t\t\t\t\t\t\t\t<\/div>\n\t\t\t\t<\/div>\n\t\t\t\t\t<\/div>\n\t\t<\/div>\n\t\t\t\t<div class=\"elementor-column elementor-col-50 elementor-top-column elementor-element elementor-element-29d32ab animated-fast elementor-invisible\" data-id=\"29d32ab\" data-element_type=\"column\" data-settings=\"{&quot;animation&quot;:&quot;opal-move-up&quot;,&quot;animation_delay&quot;:300}\">\n\t\t\t<div class=\"elementor-widget-wrap elementor-element-populated\">\n\t\t\t\t\t\t\t\t<div class=\"elementor-element elementor-element-77a594c elementor-widget elementor-widget-heading\" data-id=\"77a594c\" data-element_type=\"widget\" data-widget_type=\"heading.default\">\n\t\t\t\t<div class=\"elementor-widget-container\">\n\t\t\t<div class=\"elementor-heading-wrapper\" ><div class=\"elementor-heading-wrapper-inner\"><h4 class=\"elementor-heading-title elementor-size-default\">Premium class support for customers<\/h4><\/div><\/div>\t\t<\/div>\n\t\t\t\t<\/div>\n\t\t\t\t<div class=\"elementor-element elementor-element-fc36d1a elementor-widget elementor-widget-text-editor\" data-id=\"fc36d1a\" data-element_type=\"widget\" data-widget_type=\"text-editor.default\">\n\t\t\t\t<div class=\"elementor-widget-container\">\n\t\t\t        <div class=\"elementor-text-editor elementor-clearfix\"><ul><li>A manager with over 20 years of experience<\/li><li>Well-thought-out and high-quality technical service<\/li><li>Personalized approach to office design<\/li><li>Centralized lobby<\/li><li>Extra space for a variety of situations<\/li><li>Low management costs<\/li><\/ul><\/div>\n        \t\t<\/div>\n\t\t\t\t<\/div>\n\t\t\t\t\t<\/div>\n\t\t<\/div>\n\t\t\t\t\t\t\t<\/div>\n\t\t<\/section>\n\t\t\t\t\t\t<\/div>\n\t\t\t\t\t<\/div>","protected":false},"excerpt":{"rendered":"<p>M\u016bsu misija ir rad\u012bt vidi, kur\u0101 ir pat\u012bkami ne tikai str\u0101d\u0101t, bet ar\u012b uztur\u0113ties \u0101rpus darba laika. M\u0113s veidojam vietu, kur kopienai ir noz\u012bme \u2013 str\u0101d\u0101jot l\u012bdz\u0101s savas nozares l\u012bderiem, varam jebkur\u0101 laik\u0101 v\u0113rsties pie otra p\u0113c pal\u012bdz\u012bbas, k\u0101 kaimi\u0146\u0161 pie kaimi\u0146a. Atra\u0161an\u0101s vieta Pils\u0113tas centrs da\u017eu min\u016b\u0161u att\u0101lum\u0101! Autoosta, osta, lidosta, dzelzce\u013ca stacija \u2013 &hellip; <\/p>\n<p class=\"link-more\"><a href=\"https:\/\/zeissbiroji.lv\/en\/kapec-izveleties-mus\/\" class=\"more-link\">Read More <span class=\"screen-reader-text\"> &#8220;K\u0101p\u0113c izv\u0113l\u0113ties m\u016bs&#8221;<\/span><\/a><\/p>","protected":false},"author":1,"featured_media":0,"parent":0,"menu_order":0,"comment_status":"closed","ping_status":"closed","template":"page-elementor.php","meta":{"inline_featured_image":false},"_links":{"self":[{"href":"https:\/\/zeissbiroji.lv\/en\/wp-json\/wp\/v2\/pages\/2669"}],"collection":[{"href":"https:\/\/zeissbiroji.lv\/en\/wp-json\/wp\/v2\/pages"}],"about":[{"href":"https:\/\/zeissbiroji.lv\/en\/wp-json\/wp\/v2\/types\/page"}],"author":[{"embeddable":true,"href":"https:\/\/zeissbiroji.lv\/en\/wp-json\/wp\/v2\/users\/1"}],"replies":[{"embeddable":true,"href":"https:\/\/zeissbiroji.lv\/en\/wp-json\/wp\/v2\/comments?post=2669"}],"version-history":[{"count":15,"href":"https:\/\/zeissbiroji.lv\/en\/wp-json\/wp\/v2\/pages\/2669\/revisions"}],"predecessor-version":[{"id":3715,"href":"https:\/\/zeissbiroji.lv\/en\/wp-json\/wp\/v2\/pages\/2669\/revisions\/3715"}],"wp:attachment":[{"href":"https:\/\/zeissbiroji.lv\/en\/wp-json\/wp\/v2\/media?parent=2669"}],"curies":[{"name":"wp","href":"https:\/\/api.w.org\/{rel}","templated":true}]}}